{"id":215,"date":"2026-02-04T16:46:06","date_gmt":"2026-02-04T15:46:06","guid":{"rendered":"https:\/\/larouetourne63.heureux-cyclage.org\/?page_id=215"},"modified":"2026-04-11T10:34:48","modified_gmt":"2026-04-11T08:34:48","slug":"pret-de-velo-de-voyage","status":"publish","type":"page","link":"https:\/\/larouetourne63.fr\/?page_id=215","title":{"rendered":"Pr\u00eat de v\u00e9lo de voyage"},"content":{"rendered":"\n<div class=\"wp-block-uagb-container uagb-block-993d6836 alignfull uagb-is-root-container\"><div class=\"uagb-container-inner-blocks-wrap\">\n<div class=\"wp-block-uagb-container uagb-block-5efef21a\">\n<div class=\"wp-block-uagb-image uagb-block-2c89d488 wp-block-uagb-image--layout-default wp-block-uagb-image--effect-static wp-block-uagb-image--align-none\"><figure class=\"wp-block-uagb-image__figure\"><img decoding=\"async\" srcset=\"https:\/\/larouetourne63.fr\/wp-content\/uploads\/2026\/03\/pret.png ,https:\/\/larouetourne63.fr\/wp-content\/uploads\/2026\/03\/pret.png 780w, https:\/\/larouetourne63.fr\/wp-content\/uploads\/2026\/03\/pret.png 360w\" sizes=\"auto, (max-width: 480px) 150px\" src=\"https:\/\/larouetourne63.fr\/wp-content\/uploads\/2026\/03\/pret.png\" alt=\"\" class=\"uag-image-849\" width=\"437\" height=\"315\" title=\"pret\" loading=\"lazy\" role=\"img\"\/><\/figure><\/div>\n<\/div>\n\n\n\n<div class=\"wp-block-uagb-container uagb-block-babdb14b\">\n<div class=\"wp-block-uagb-advanced-heading uagb-block-cd21ac2a\"><h1 class=\"uagb-heading-text\">Pr\u00eat de v\u00e9los de voyage<\/h1><\/div>\n\n\n\n<div class=\"wp-block-uagb-advanced-heading uagb-block-13d6e64c\"><p class=\"uagb-heading-text\">Pour d\u00e9couvrir en confiance les balades et le voyage \u00e0 v\u00e9lo, et les rendre accessibles \u00e0 tous les budgets, la Roue Tourne peut <strong>pr\u00eater \u00e0 ses adh\u00e9rent\u00b7es 3 v\u00e9los de voyage enti\u00e8rement \u00e9quip\u00e9s<\/strong> (sacoches, antivols, kits de r\u00e9paration&#8230;). <\/p><\/div>\n<\/div>\n<\/div><\/div>\n\n\n\n<div class=\"wp-block-uagb-container uagb-block-c7016017 alignfull uagb-is-root-container\"><div class=\"uagb-container-inner-blocks-wrap\">\n<div class=\"wp-block-uagb-advanced-heading uagb-block-9be22d4d\"><h2 class=\"uagb-heading-text\">Nos v\u00e9los en pr\u00eat<\/h2><\/div>\n\n\n\n<div class=\"wp-block-uagb-advanced-heading uagb-block-131e851e\"><p class=\"uagb-heading-text\">L&rsquo;association <a href=\"https:\/\/larouetourne63.fr\/\"><strong>La Roue Tourne<\/strong><\/a> propose en pr\u00eat 3 v\u00e9los de tailles L, M et S. Chacun contient des sacoches avant et arri\u00e8re, des lumi\u00e8res, un antivol, un kit de r\u00e9paration. Ils sont empruntables jusqu&rsquo;\u00e0 deux semaines.<\/p><\/div>\n\n\n\n<div class=\"wp-block-uagb-advanced-heading uagb-block-9880df9e\"><p class=\"uagb-heading-text\">En \u00e9change du pr\u00eat, nous te demandons :<br>\u2022 de signer <a href=\"https:\/\/larouetourne63.fr\/wp-content\/uploads\/2026\/03\/Contrat-location_velos-V3.pdf\"><strong>ce contrat<\/strong><\/a><br>\u2022 un don \u00e0 prix libre, pour assurer l&rsquo;entretien des v\u00e9los et faire fonctionner l&rsquo;atelier<br>\u2022 une caution<br>\u2022 une attestation de responsabilit\u00e9 civile.<\/p><\/div>\n\n\n\n\t\t\t<div class=\"wp-block-uagb-post-grid uagb-post-grid  uagb-post__image-position-top uagb-post__image-enabled uagb-block-81f9156f     uagb-post__items uagb-post__columns-3 is-grid uagb-post__columns-tablet-2 uagb-post__columns-mobile-1 uagb-post__equal-height\" data-total=\"1\" style=\"\">\n\n\t\t\t\t\t\t\t\t\t\t\t\t<article class=\"uagb-post__inner-wrap\">\t\t\t\t\t\t\t\t<div class='uagb-post__image'>\n\t\t\t\t\t\t\t\t\t<a href=\"https:\/\/larouetourne63.fr\/?p=753\" target=\"_self\" rel=\"bookmark noopener noreferrer\" class='uagb-image-ratio-inherit'><img loading=\"lazy\" decoding=\"async\" width=\"1024\" height=\"768\" src=\"https:\/\/larouetourne63.fr\/wp-content\/uploads\/2026\/03\/0D275CCB-55F2-4010-BE55-D051279AE43D_1_105_c.jpeg\" class=\"attachment-large size-large\" alt=\"\" srcset=\"https:\/\/larouetourne63.fr\/wp-content\/uploads\/2026\/03\/0D275CCB-55F2-4010-BE55-D051279AE43D_1_105_c.jpeg 1024w, https:\/\/larouetourne63.fr\/wp-content\/uploads\/2026\/03\/0D275CCB-55F2-4010-BE55-D051279AE43D_1_105_c-300x225.jpeg 300w, https:\/\/larouetourne63.fr\/wp-content\/uploads\/2026\/03\/0D275CCB-55F2-4010-BE55-D051279AE43D_1_105_c-768x576.jpeg 768w\" sizes=\"auto, (max-width: 1024px) 100vw, 1024px\" \/>\t\t\t\t\t<\/a>\n\t\t\t\t\t\t\t<\/div>\n\t\t\t\t\t\t<h4 class=\"uagb-post__title uagb-post__text\">\n\t\t\t\t<a href=\"https:\/\/larouetourne63.fr\/?p=753\" target=\"_self\" rel=\"bookmark noopener noreferrer\">Bulle \u2013 taille L<\/a>\n\t\t\t<\/h4>\n\t\t\t\t\t\t<div class='uagb-post__text uagb-post-grid-byline'>\n\t\t\t\t\t\t\t\t<time datetime=\"2026-03-12T15:24:59+01:00\" class=\"uagb-post__date\">\n\t\t\t\t<span class=\"dashicons-calendar dashicons\"><\/span>\t\t\t\t\t12 mars, 2026\t\t\t\t<\/time>\n\t\t\t\t\t\t\t<span class=\"uagb-post__comment\">\n\t\t\t\t<span class=\"dashicons-admin-comments dashicons\"><\/span>\t\t\t\t\tAucun commentaire\t\t\t\t<\/span>\n\t\t\t\t\t\t<\/div>\n\t\t\t\t\t\t\t<div class='uagb-post__text uagb-post__excerpt'>\n\t\t\t\t\t<p>9kg \/ Guidon course \/ Roues de 700mm Sacoches bleues<\/p>\n\t\t\t\t<\/div>\n\t\t\t\t\t\t<div class=\"uagb-post__text uagb-post__cta wp-block-button\">\n\t\t\t\t<a class=\"wp-block-button__link uagb-text-link\" style=\"\" href=\"https:\/\/larouetourne63.fr\/?p=753\" target=\"_self\" rel=\"bookmark noopener noreferrer\">Lire la suite<\/a>\n\t\t\t<\/div>\n\t\t\t\n\t\t\t\t\t\t\t\t\t<\/article>\n\t\t\t\t\t\t\t\t\t\t\t\t\t\t\t\t<article class=\"uagb-post__inner-wrap\">\t\t\t\t\t\t\t\t<div class='uagb-post__image'>\n\t\t\t\t\t\t\t\t\t<a href=\"https:\/\/larouetourne63.fr\/?p=745\" target=\"_self\" rel=\"bookmark noopener noreferrer\" class='uagb-image-ratio-inherit'><img loading=\"lazy\" decoding=\"async\" width=\"1024\" height=\"768\" src=\"https:\/\/larouetourne63.fr\/wp-content\/uploads\/2026\/03\/IMG_14931-1024x768.jpg\" class=\"attachment-large size-large\" alt=\"\" srcset=\"https:\/\/larouetourne63.fr\/wp-content\/uploads\/2026\/03\/IMG_14931-1024x768.jpg 1024w, https:\/\/larouetourne63.fr\/wp-content\/uploads\/2026\/03\/IMG_14931-300x225.jpg 300w, https:\/\/larouetourne63.fr\/wp-content\/uploads\/2026\/03\/IMG_14931-768x576.jpg 768w, https:\/\/larouetourne63.fr\/wp-content\/uploads\/2026\/03\/IMG_14931.jpg 1500w\" sizes=\"auto, (max-width: 1024px) 100vw, 1024px\" \/>\t\t\t\t\t<\/a>\n\t\t\t\t\t\t\t<\/div>\n\t\t\t\t\t\t<h4 class=\"uagb-post__title uagb-post__text\">\n\t\t\t\t<a href=\"https:\/\/larouetourne63.fr\/?p=745\" target=\"_self\" rel=\"bookmark noopener noreferrer\">Belle &#8211; taille\u00a0M<\/a>\n\t\t\t<\/h4>\n\t\t\t\t\t\t<div class='uagb-post__text uagb-post-grid-byline'>\n\t\t\t\t\t\t\t\t<time datetime=\"2026-03-11T15:17:30+01:00\" class=\"uagb-post__date\">\n\t\t\t\t<span class=\"dashicons-calendar dashicons\"><\/span>\t\t\t\t\t11 mars, 2026\t\t\t\t<\/time>\n\t\t\t\t\t\t\t<span class=\"uagb-post__comment\">\n\t\t\t\t<span class=\"dashicons-admin-comments dashicons\"><\/span>\t\t\t\t\tAucun commentaire\t\t\t\t<\/span>\n\t\t\t\t\t\t<\/div>\n\t\t\t\t\t\t\t<div class='uagb-post__text uagb-post__excerpt'>\n\t\t\t\t\t<p>9 kg \/ Guidon papillon \/ Roues de 700mm Sacoches rouges<\/p>\n\t\t\t\t<\/div>\n\t\t\t\t\t\t<div class=\"uagb-post__text uagb-post__cta wp-block-button\">\n\t\t\t\t<a class=\"wp-block-button__link uagb-text-link\" style=\"\" href=\"https:\/\/larouetourne63.fr\/?p=745\" target=\"_self\" rel=\"bookmark noopener noreferrer\">Lire la suite<\/a>\n\t\t\t<\/div>\n\t\t\t\n\t\t\t\t\t\t\t\t\t<\/article>\n\t\t\t\t\t\t\t\t\t\t\t\t\t\t\t\t<article class=\"uagb-post__inner-wrap\">\t\t\t\t\t\t\t\t<div class='uagb-post__image'>\n\t\t\t\t\t\t\t\t\t<a href=\"https:\/\/larouetourne63.fr\/?p=755\" target=\"_self\" rel=\"bookmark noopener noreferrer\" class='uagb-image-ratio-inherit'><img loading=\"lazy\" decoding=\"async\" width=\"1024\" height=\"768\" src=\"https:\/\/larouetourne63.fr\/wp-content\/uploads\/2026\/03\/77F0338F-1C1C-4864-BF19-0ED6AADE5426_1_105_c.jpeg\" class=\"attachment-large size-large\" alt=\"\" srcset=\"https:\/\/larouetourne63.fr\/wp-content\/uploads\/2026\/03\/77F0338F-1C1C-4864-BF19-0ED6AADE5426_1_105_c.jpeg 1024w, https:\/\/larouetourne63.fr\/wp-content\/uploads\/2026\/03\/77F0338F-1C1C-4864-BF19-0ED6AADE5426_1_105_c-300x225.jpeg 300w, https:\/\/larouetourne63.fr\/wp-content\/uploads\/2026\/03\/77F0338F-1C1C-4864-BF19-0ED6AADE5426_1_105_c-768x576.jpeg 768w\" sizes=\"auto, (max-width: 1024px) 100vw, 1024px\" \/>\t\t\t\t\t<\/a>\n\t\t\t\t\t\t\t<\/div>\n\t\t\t\t\t\t<h4 class=\"uagb-post__title uagb-post__text\">\n\t\t\t\t<a href=\"https:\/\/larouetourne63.fr\/?p=755\" target=\"_self\" rel=\"bookmark noopener noreferrer\">Rebelle \u2013 taille\u00a0S<\/a>\n\t\t\t<\/h4>\n\t\t\t\t\t\t<div class='uagb-post__text uagb-post-grid-byline'>\n\t\t\t\t\t\t\t\t<time datetime=\"2026-03-10T15:26:20+01:00\" class=\"uagb-post__date\">\n\t\t\t\t<span class=\"dashicons-calendar dashicons\"><\/span>\t\t\t\t\t10 mars, 2026\t\t\t\t<\/time>\n\t\t\t\t\t\t\t<span class=\"uagb-post__comment\">\n\t\t\t\t<span class=\"dashicons-admin-comments dashicons\"><\/span>\t\t\t\t\tAucun commentaire\t\t\t\t<\/span>\n\t\t\t\t\t\t<\/div>\n\t\t\t\t\t\t\t<div class='uagb-post__text uagb-post__excerpt'>\n\t\t\t\t\t<p>8kg \/ Guidon papillon \/ Roues de 700mm Sacoches Jaunes<\/p>\n\t\t\t\t<\/div>\n\t\t\t\t\t\t<div class=\"uagb-post__text uagb-post__cta wp-block-button\">\n\t\t\t\t<a class=\"wp-block-button__link uagb-text-link\" style=\"\" href=\"https:\/\/larouetourne63.fr\/?p=755\" target=\"_self\" rel=\"bookmark noopener noreferrer\">Lire la suite<\/a>\n\t\t\t<\/div>\n\t\t\t\n\t\t\t\t\t\t\t\t\t<\/article>\n\t\t\t\t\t\t\t\t\t\t\t<\/div>\n\t\t\t\n\n\n<div class=\"wp-block-uagb-advanced-heading uagb-block-1b37b4cb\"><h2 class=\"uagb-heading-text\">Le planning de r\u00e9servation de v\u00e9los<\/h2><\/div>\n\n\n\n<div class=\"wp-block-uagb-advanced-heading uagb-block-51a6f2c7\"><p class=\"uagb-heading-text\">Ce planning te permets de v\u00e9rifier si les v\u00e9los sont d\u00e9j\u00e0 en pr\u00eat sur les p\u00e9riodes qui t&rsquo;int\u00e9ressent. Les couleurs des r\u00e9servations correspondent aux couleurs des v\u00e9los emprunt\u00e9s.<\/p><\/div>\n\n\n<div class=\"wp-block-hycal-calendar\">\n  \n  <div id='hycal-d4104935fe6b9848c81a3c7df3db9de013ec630cbfa07b8c164f369f9c83d754' class='hydrogen-calendar-embeds hycal-container'>loading&#8230;<\/div>\n  <\/div><\/div><\/div>\n\n\n\n<div class=\"wp-block-uagb-container uagb-block-efb82f3f alignfull uagb-is-root-container\"><div class=\"uagb-container-inner-blocks-wrap\">\n<div class=\"wp-block-uagb-advanced-heading uagb-block-789e02ea\"><h2 class=\"uagb-heading-text\">S&rsquo;informer, r\u00e9server un v\u00e9lo<\/h2><\/div>\n\n\n\n<div class=\"wp-block-uagb-advanced-heading uagb-block-ba59259c\"><p class=\"uagb-heading-text\">Pour tout renseignement, ou pour demander une r\u00e9servation de v\u00e9lo, contacte-nous, ou passe nous voir lors d&rsquo;une permanence.<\/p><\/div>\n<\/div><\/div>\n","protected":false},"excerpt":{"rendered":"<p>Pr\u00eat de v\u00e9los de voyage Pour d\u00e9couvrir en confiance les balades et le voyage \u00e0 v\u00e9lo, et les rendre accessibles \u00e0 tous les budgets, la Roue Tourne peut pr\u00eater \u00e0 ses adh\u00e9rent\u00b7es 3 v\u00e9los de voyage enti\u00e8rement \u00e9quip\u00e9s (sacoches, antivols, kits de r\u00e9paration&#8230;). Nos v\u00e9los en pr\u00eat L&rsquo;association La Roue Tourne propose en pr\u00eat 3&hellip;&nbsp;<\/p>\n","protected":false},"author":1,"featured_media":0,"parent":0,"menu_order":2,"comment_status":"closed","ping_status":"closed","template":"","meta":{"_uag_custom_page_level_css":"","neve_meta_sidebar":"","neve_meta_container":"","neve_meta_enable_content_width":"","neve_meta_content_width":0,"neve_meta_title_alignment":"","neve_meta_author_avatar":"","neve_post_elements_order":"","neve_meta_disable_header":"","neve_meta_disable_footer":"","neve_meta_disable_title":"on","footnotes":""},"class_list":["post-215","page","type-page","status-publish","hentry"],"yoast_head":"<!-- This site is optimized with the Yoast SEO plugin v27.3 - https:\/\/yoast.com\/product\/yoast-seo-wordpress\/ -->\n<title>Pr\u00eat de v\u00e9lo de voyage - La Roue Tourne<\/title>\n<meta name=\"robots\" content=\"index, follow, max-snippet:-1, max-image-preview:large, max-video-preview:-1\" \/>\n<link rel=\"canonical\" href=\"https:\/\/larouetourne63.fr\/?page_id=215\" \/>\n<meta property=\"og:locale\" content=\"fr_FR\" \/>\n<meta property=\"og:type\" content=\"article\" \/>\n<meta property=\"og:title\" content=\"Pr\u00eat de v\u00e9lo de voyage - La Roue Tourne\" \/>\n<meta property=\"og:description\" content=\"Pr\u00eat de v\u00e9los de voyage Pour d\u00e9couvrir en confiance les balades et le voyage \u00e0 v\u00e9lo, et les rendre accessibles \u00e0 tous les budgets, la Roue Tourne peut pr\u00eater \u00e0 ses adh\u00e9rent\u00b7es 3 v\u00e9los de voyage enti\u00e8rement \u00e9quip\u00e9s (sacoches, antivols, kits de r\u00e9paration&#8230;). Nos v\u00e9los en pr\u00eat L&rsquo;association La Roue Tourne propose en pr\u00eat 3&hellip;&nbsp;\" \/>\n<meta property=\"og:url\" content=\"https:\/\/larouetourne63.fr\/?page_id=215\" \/>\n<meta property=\"og:site_name\" content=\"La Roue Tourne\" \/>\n<meta property=\"article:modified_time\" content=\"2026-04-11T08:34:48+00:00\" \/>\n<meta property=\"og:image\" content=\"https:\/\/larouetourne63.fr\/wp-content\/uploads\/2026\/03\/pret.png\" \/>\n<meta name=\"twitter:card\" content=\"summary_large_image\" \/>\n<meta name=\"twitter:label1\" content=\"Dur\u00e9e de lecture estim\u00e9e\" \/>\n\t<meta name=\"twitter:data1\" content=\"2 minutes\" \/>\n<script type=\"application\/ld+json\" class=\"yoast-schema-graph\">{\"@context\":\"https:\\\/\\\/schema.org\",\"@graph\":[{\"@type\":\"WebPage\",\"@id\":\"https:\\\/\\\/larouetourne63.fr\\\/?page_id=215\",\"url\":\"https:\\\/\\\/larouetourne63.fr\\\/?page_id=215\",\"name\":\"Pr\u00eat de v\u00e9lo de voyage - La Roue Tourne\",\"isPartOf\":{\"@id\":\"https:\\\/\\\/larouetourne63.fr\\\/#website\"},\"primaryImageOfPage\":{\"@id\":\"https:\\\/\\\/larouetourne63.fr\\\/?page_id=215#primaryimage\"},\"image\":{\"@id\":\"https:\\\/\\\/larouetourne63.fr\\\/?page_id=215#primaryimage\"},\"thumbnailUrl\":\"https:\\\/\\\/larouetourne63.fr\\\/wp-content\\\/uploads\\\/2026\\\/03\\\/pret.png\",\"datePublished\":\"2026-02-04T15:46:06+00:00\",\"dateModified\":\"2026-04-11T08:34:48+00:00\",\"breadcrumb\":{\"@id\":\"https:\\\/\\\/larouetourne63.fr\\\/?page_id=215#breadcrumb\"},\"inLanguage\":\"fr-FR\",\"potentialAction\":[{\"@type\":\"ReadAction\",\"target\":[\"https:\\\/\\\/larouetourne63.fr\\\/?page_id=215\"]}]},{\"@type\":\"ImageObject\",\"inLanguage\":\"fr-FR\",\"@id\":\"https:\\\/\\\/larouetourne63.fr\\\/?page_id=215#primaryimage\",\"url\":\"https:\\\/\\\/larouetourne63.fr\\\/wp-content\\\/uploads\\\/2026\\\/03\\\/pret.png\",\"contentUrl\":\"https:\\\/\\\/larouetourne63.fr\\\/wp-content\\\/uploads\\\/2026\\\/03\\\/pret.png\",\"width\":761,\"height\":587},{\"@type\":\"BreadcrumbList\",\"@id\":\"https:\\\/\\\/larouetourne63.fr\\\/?page_id=215#breadcrumb\",\"itemListElement\":[{\"@type\":\"ListItem\",\"position\":1,\"name\":\"Accueil\",\"item\":\"https:\\\/\\\/larouetourne63.fr\\\/\"},{\"@type\":\"ListItem\",\"position\":2,\"name\":\"Pr\u00eat de v\u00e9lo de voyage\"}]},{\"@type\":\"WebSite\",\"@id\":\"https:\\\/\\\/larouetourne63.fr\\\/#website\",\"url\":\"https:\\\/\\\/larouetourne63.fr\\\/\",\"name\":\"La Roue Tourne\",\"description\":\"Association d&#039;autor\u00e9paration de v\u00e9los \u00e0 Clermont-Ferrand\",\"potentialAction\":[{\"@type\":\"SearchAction\",\"target\":{\"@type\":\"EntryPoint\",\"urlTemplate\":\"https:\\\/\\\/larouetourne63.fr\\\/?s={search_term_string}\"},\"query-input\":{\"@type\":\"PropertyValueSpecification\",\"valueRequired\":true,\"valueName\":\"search_term_string\"}}],\"inLanguage\":\"fr-FR\"}]}<\/script>\n<!-- \/ Yoast SEO plugin. -->","yoast_head_json":{"title":"Pr\u00eat de v\u00e9lo de voyage - La Roue Tourne","robots":{"index":"index","follow":"follow","max-snippet":"max-snippet:-1","max-image-preview":"max-image-preview:large","max-video-preview":"max-video-preview:-1"},"canonical":"https:\/\/larouetourne63.fr\/?page_id=215","og_locale":"fr_FR","og_type":"article","og_title":"Pr\u00eat de v\u00e9lo de voyage - La Roue Tourne","og_description":"Pr\u00eat de v\u00e9los de voyage Pour d\u00e9couvrir en confiance les balades et le voyage \u00e0 v\u00e9lo, et les rendre accessibles \u00e0 tous les budgets, la Roue Tourne peut pr\u00eater \u00e0 ses adh\u00e9rent\u00b7es 3 v\u00e9los de voyage enti\u00e8rement \u00e9quip\u00e9s (sacoches, antivols, kits de r\u00e9paration&#8230;). Nos v\u00e9los en pr\u00eat L&rsquo;association La Roue Tourne propose en pr\u00eat 3&hellip;&nbsp;","og_url":"https:\/\/larouetourne63.fr\/?page_id=215","og_site_name":"La Roue Tourne","article_modified_time":"2026-04-11T08:34:48+00:00","og_image":[{"url":"https:\/\/larouetourne63.fr\/wp-content\/uploads\/2026\/03\/pret.png","type":"","width":"","height":""}],"twitter_card":"summary_large_image","twitter_misc":{"Dur\u00e9e de lecture estim\u00e9e":"2 minutes"},"schema":{"@context":"https:\/\/schema.org","@graph":[{"@type":"WebPage","@id":"https:\/\/larouetourne63.fr\/?page_id=215","url":"https:\/\/larouetourne63.fr\/?page_id=215","name":"Pr\u00eat de v\u00e9lo de voyage - La Roue Tourne","isPartOf":{"@id":"https:\/\/larouetourne63.fr\/#website"},"primaryImageOfPage":{"@id":"https:\/\/larouetourne63.fr\/?page_id=215#primaryimage"},"image":{"@id":"https:\/\/larouetourne63.fr\/?page_id=215#primaryimage"},"thumbnailUrl":"https:\/\/larouetourne63.fr\/wp-content\/uploads\/2026\/03\/pret.png","datePublished":"2026-02-04T15:46:06+00:00","dateModified":"2026-04-11T08:34:48+00:00","breadcrumb":{"@id":"https:\/\/larouetourne63.fr\/?page_id=215#breadcrumb"},"inLanguage":"fr-FR","potentialAction":[{"@type":"ReadAction","target":["https:\/\/larouetourne63.fr\/?page_id=215"]}]},{"@type":"ImageObject","inLanguage":"fr-FR","@id":"https:\/\/larouetourne63.fr\/?page_id=215#primaryimage","url":"https:\/\/larouetourne63.fr\/wp-content\/uploads\/2026\/03\/pret.png","contentUrl":"https:\/\/larouetourne63.fr\/wp-content\/uploads\/2026\/03\/pret.png","width":761,"height":587},{"@type":"BreadcrumbList","@id":"https:\/\/larouetourne63.fr\/?page_id=215#breadcrumb","itemListElement":[{"@type":"ListItem","position":1,"name":"Accueil","item":"https:\/\/larouetourne63.fr\/"},{"@type":"ListItem","position":2,"name":"Pr\u00eat de v\u00e9lo de voyage"}]},{"@type":"WebSite","@id":"https:\/\/larouetourne63.fr\/#website","url":"https:\/\/larouetourne63.fr\/","name":"La Roue Tourne","description":"Association d&#039;autor\u00e9paration de v\u00e9los \u00e0 Clermont-Ferrand","potentialAction":[{"@type":"SearchAction","target":{"@type":"EntryPoint","urlTemplate":"https:\/\/larouetourne63.fr\/?s={search_term_string}"},"query-input":{"@type":"PropertyValueSpecification","valueRequired":true,"valueName":"search_term_string"}}],"inLanguage":"fr-FR"}]}},"uagb_featured_image_src":{"full":false,"thumbnail":false,"medium":false,"medium_large":false,"large":false,"1536x1536":false,"2048x2048":false,"neve-blog":false},"uagb_author_info":{"display_name":"admin","author_link":"https:\/\/larouetourne63.fr\/?author=1"},"uagb_comment_info":0,"uagb_excerpt":"Pr\u00eat de v\u00e9los de voyage Pour d\u00e9couvrir en confiance les balades et le voyage \u00e0 v\u00e9lo, et les rendre accessibles \u00e0 tous les budgets, la Roue Tourne peut pr\u00eater \u00e0 ses adh\u00e9rent\u00b7es 3 v\u00e9los de voyage enti\u00e8rement \u00e9quip\u00e9s (sacoches, antivols, kits de r\u00e9paration&#8230;). Nos v\u00e9los en pr\u00eat L&rsquo;association La Roue Tourne propose en pr\u00eat 3&hellip;&nbsp;","_links":{"self":[{"href":"https:\/\/larouetourne63.fr\/index.php?rest_route=\/wp\/v2\/pages\/215","targetHints":{"allow":["GET"]}}],"collection":[{"href":"https:\/\/larouetourne63.fr\/index.php?rest_route=\/wp\/v2\/pages"}],"about":[{"href":"https:\/\/larouetourne63.fr\/index.php?rest_route=\/wp\/v2\/types\/page"}],"author":[{"embeddable":true,"href":"https:\/\/larouetourne63.fr\/index.php?rest_route=\/wp\/v2\/users\/1"}],"replies":[{"embeddable":true,"href":"https:\/\/larouetourne63.fr\/index.php?rest_route=%2Fwp%2Fv2%2Fcomments&post=215"}],"version-history":[{"count":104,"href":"https:\/\/larouetourne63.fr\/index.php?rest_route=\/wp\/v2\/pages\/215\/revisions"}],"predecessor-version":[{"id":1218,"href":"https:\/\/larouetourne63.fr\/index.php?rest_route=\/wp\/v2\/pages\/215\/revisions\/1218"}],"wp:attachment":[{"href":"https:\/\/larouetourne63.fr\/index.php?rest_route=%2Fwp%2Fv2%2Fmedia&parent=215"}],"curies":[{"name":"wp","href":"https:\/\/api.w.org\/{rel}","templated":true}]}}