{"id":398,"date":"2026-03-05T16:38:52","date_gmt":"2026-03-05T15:38:52","guid":{"rendered":"https:\/\/larouetourne63.heureux-cyclage.org\/?page_id=398"},"modified":"2026-03-25T12:43:15","modified_gmt":"2026-03-25T11:43:15","slug":"velos-a-vendre","status":"publish","type":"page","link":"https:\/\/larouetourne63.fr\/?page_id=398","title":{"rendered":"V\u00e9los \u00e0 vendre"},"content":{"rendered":"\n<div class=\"wp-block-uagb-container uagb-block-473eda5d alignfull uagb-is-root-container\"><div class=\"uagb-container-inner-blocks-wrap\">\n<div class=\"wp-block-uagb-advanced-heading uagb-block-cd21ac2a\"><h1 class=\"uagb-heading-text\">V\u00e9los \u00e0 vendre<\/h1><\/div>\n\n\n\n<div class=\"wp-block-uagb-advanced-heading uagb-block-a504dd8e\"><p class=\"uagb-heading-text\">Les v\u00e9los re\u00e7us en don \u00e0 la Roue tourne, remis en \u00e9tat, et disponibles \u00e0 la vente.<\/p><\/div>\n\n\n\n<div class=\"wp-block-uagb-buttons uagb-buttons__outer-wrap uagb-btn__default-btn uagb-btn-tablet__default-btn uagb-btn-mobile__default-btn uagb-block-1baa492b\"><div class=\"uagb-buttons__wrap uagb-buttons-layout-wrap \">\n<div class=\"wp-block-uagb-buttons-child uagb-buttons__outer-wrap uagb-block-1948fa11 wp-block-button\"><div class=\"uagb-button__wrapper\"><a class=\"uagb-buttons-repeater wp-block-button__link\" aria-label=\"\" href=\"https:\/\/www.leboncoin.fr\/profile\/dad2ef90-6561-448f-92f6-e8376be7d2a4\/offers\" rel=\"follow noopener\" target=\"_self\" role=\"button\"><div class=\"uagb-button__link\">Voir les v\u00e9los sur Le Bon Coin<\/div><\/a><\/div><\/div>\n<\/div><\/div>\n\n\n\n    <div class=\"velo-grid\">\n                    <div class=\"velo-card\">\n                <div class=\"velo-gallery-container\">\n                                            <div class=\"velo-image-placeholder\"><span>Pas de photo<\/span><\/div>\n                                    <\/div>\n\n                <div class=\"velo-content\">\n                    <h3 class=\"velo-title\">Skyjumper 2000<\/h3>\n                    <p class=\"velo-type\">Ville \u2014 Taille S<\/p>\n                    \n                    <div class=\"velo-details\">\n                        <span><strong>Couleur :<\/strong> Bleu\/Violet<\/span>\n                        <span><strong>Poids :<\/strong> 10,0 kg<\/span>\n                    <\/div>\n\n                    <div class=\"velo-footer\">\n                        <span class=\"velo-price\">40 \u20ac<\/span>\n                        <span class=\"velo-badge\">Disponible<\/span>\n                    <\/div>\n                <\/div>\n            <\/div>\n                    <div class=\"velo-card\">\n                <div class=\"velo-gallery-container\">\n                                            <div class=\"velo-image-placeholder\"><span>Pas de photo<\/span><\/div>\n                                    <\/div>\n\n                <div class=\"velo-content\">\n                    <h3 class=\"velo-title\">Evasion<\/h3>\n                    <p class=\"velo-type\">VTT \u2014 Taille M<\/p>\n                    \n                    <div class=\"velo-details\">\n                        <span><strong>Couleur :<\/strong> N\/C<\/span>\n                        <span><strong>Poids :<\/strong> 12,5 kg<\/span>\n                    <\/div>\n\n                    <div class=\"velo-footer\">\n                        <span class=\"velo-price\">40 \u20ac<\/span>\n                        <span class=\"velo-badge\">Disponible<\/span>\n                    <\/div>\n                <\/div>\n            <\/div>\n            <\/div>\n\n    \n<\/div><\/div>\n","protected":false},"excerpt":{"rendered":"<p>V\u00e9los \u00e0 vendre Les v\u00e9los re\u00e7us en don \u00e0 la Roue tourne, remis en \u00e9tat, et disponibles \u00e0 la vente.<\/p>\n","protected":false},"author":3,"featured_media":0,"parent":0,"menu_order":0,"comment_status":"closed","ping_status":"closed","template":"","meta":{"_uag_custom_page_level_css":"","neve_meta_sidebar":"","neve_meta_container":"","neve_meta_enable_content_width":"","neve_meta_content_width":0,"neve_meta_title_alignment":"","neve_meta_author_avatar":"","neve_post_elements_order":"","neve_meta_disable_header":"","neve_meta_disable_footer":"","neve_meta_disable_title":"on","footnotes":""},"class_list":["post-398","page","type-page","status-publish","hentry"],"yoast_head":"<!-- This site is optimized with the Yoast SEO plugin v27.3 - https:\/\/yoast.com\/product\/yoast-seo-wordpress\/ -->\n<title>V\u00e9los \u00e0 vendre - La Roue Tourne<\/title>\n<meta name=\"robots\" content=\"index, follow, max-snippet:-1, max-image-preview:large, max-video-preview:-1\" \/>\n<link rel=\"canonical\" href=\"https:\/\/larouetourne63.fr\/?page_id=398\" \/>\n<meta property=\"og:locale\" content=\"fr_FR\" \/>\n<meta property=\"og:type\" content=\"article\" \/>\n<meta property=\"og:title\" content=\"V\u00e9los \u00e0 vendre - La Roue Tourne\" \/>\n<meta property=\"og:description\" content=\"V\u00e9los \u00e0 vendre Les v\u00e9los re\u00e7us en don \u00e0 la Roue tourne, remis en \u00e9tat, et disponibles \u00e0 la vente.\" \/>\n<meta property=\"og:url\" content=\"https:\/\/larouetourne63.fr\/?page_id=398\" \/>\n<meta property=\"og:site_name\" content=\"La Roue Tourne\" \/>\n<meta property=\"article:modified_time\" content=\"2026-03-25T11:43:15+00:00\" \/>\n<meta name=\"twitter:card\" content=\"summary_large_image\" \/>\n<meta name=\"twitter:label1\" content=\"Dur\u00e9e de lecture estim\u00e9e\" \/>\n\t<meta name=\"twitter:data1\" content=\"1 minute\" \/>\n<script type=\"application\/ld+json\" class=\"yoast-schema-graph\">{\"@context\":\"https:\\\/\\\/schema.org\",\"@graph\":[{\"@type\":\"WebPage\",\"@id\":\"https:\\\/\\\/larouetourne63.fr\\\/?page_id=398\",\"url\":\"https:\\\/\\\/larouetourne63.fr\\\/?page_id=398\",\"name\":\"V\u00e9los \u00e0 vendre - La Roue Tourne\",\"isPartOf\":{\"@id\":\"https:\\\/\\\/larouetourne63.fr\\\/#website\"},\"datePublished\":\"2026-03-05T15:38:52+00:00\",\"dateModified\":\"2026-03-25T11:43:15+00:00\",\"breadcrumb\":{\"@id\":\"https:\\\/\\\/larouetourne63.fr\\\/?page_id=398#breadcrumb\"},\"inLanguage\":\"fr-FR\",\"potentialAction\":[{\"@type\":\"ReadAction\",\"target\":[\"https:\\\/\\\/larouetourne63.fr\\\/?page_id=398\"]}]},{\"@type\":\"BreadcrumbList\",\"@id\":\"https:\\\/\\\/larouetourne63.fr\\\/?page_id=398#breadcrumb\",\"itemListElement\":[{\"@type\":\"ListItem\",\"position\":1,\"name\":\"Accueil\",\"item\":\"https:\\\/\\\/larouetourne63.fr\\\/\"},{\"@type\":\"ListItem\",\"position\":2,\"name\":\"V\u00e9los \u00e0 vendre\"}]},{\"@type\":\"WebSite\",\"@id\":\"https:\\\/\\\/larouetourne63.fr\\\/#website\",\"url\":\"https:\\\/\\\/larouetourne63.fr\\\/\",\"name\":\"La Roue Tourne\",\"description\":\"Association d&#039;autor\u00e9paration de v\u00e9los \u00e0 Clermont-Ferrand\",\"potentialAction\":[{\"@type\":\"SearchAction\",\"target\":{\"@type\":\"EntryPoint\",\"urlTemplate\":\"https:\\\/\\\/larouetourne63.fr\\\/?s={search_term_string}\"},\"query-input\":{\"@type\":\"PropertyValueSpecification\",\"valueRequired\":true,\"valueName\":\"search_term_string\"}}],\"inLanguage\":\"fr-FR\"}]}<\/script>\n<!-- \/ Yoast SEO plugin. -->","yoast_head_json":{"title":"V\u00e9los \u00e0 vendre - La Roue Tourne","robots":{"index":"index","follow":"follow","max-snippet":"max-snippet:-1","max-image-preview":"max-image-preview:large","max-video-preview":"max-video-preview:-1"},"canonical":"https:\/\/larouetourne63.fr\/?page_id=398","og_locale":"fr_FR","og_type":"article","og_title":"V\u00e9los \u00e0 vendre - La Roue Tourne","og_description":"V\u00e9los \u00e0 vendre Les v\u00e9los re\u00e7us en don \u00e0 la Roue tourne, remis en \u00e9tat, et disponibles \u00e0 la vente.","og_url":"https:\/\/larouetourne63.fr\/?page_id=398","og_site_name":"La Roue Tourne","article_modified_time":"2026-03-25T11:43:15+00:00","twitter_card":"summary_large_image","twitter_misc":{"Dur\u00e9e de lecture estim\u00e9e":"1 minute"},"schema":{"@context":"https:\/\/schema.org","@graph":[{"@type":"WebPage","@id":"https:\/\/larouetourne63.fr\/?page_id=398","url":"https:\/\/larouetourne63.fr\/?page_id=398","name":"V\u00e9los \u00e0 vendre - La Roue Tourne","isPartOf":{"@id":"https:\/\/larouetourne63.fr\/#website"},"datePublished":"2026-03-05T15:38:52+00:00","dateModified":"2026-03-25T11:43:15+00:00","breadcrumb":{"@id":"https:\/\/larouetourne63.fr\/?page_id=398#breadcrumb"},"inLanguage":"fr-FR","potentialAction":[{"@type":"ReadAction","target":["https:\/\/larouetourne63.fr\/?page_id=398"]}]},{"@type":"BreadcrumbList","@id":"https:\/\/larouetourne63.fr\/?page_id=398#breadcrumb","itemListElement":[{"@type":"ListItem","position":1,"name":"Accueil","item":"https:\/\/larouetourne63.fr\/"},{"@type":"ListItem","position":2,"name":"V\u00e9los \u00e0 vendre"}]},{"@type":"WebSite","@id":"https:\/\/larouetourne63.fr\/#website","url":"https:\/\/larouetourne63.fr\/","name":"La Roue Tourne","description":"Association d&#039;autor\u00e9paration de v\u00e9los \u00e0 Clermont-Ferrand","potentialAction":[{"@type":"SearchAction","target":{"@type":"EntryPoint","urlTemplate":"https:\/\/larouetourne63.fr\/?s={search_term_string}"},"query-input":{"@type":"PropertyValueSpecification","valueRequired":true,"valueName":"search_term_string"}}],"inLanguage":"fr-FR"}]}},"uagb_featured_image_src":{"full":false,"thumbnail":false,"medium":false,"medium_large":false,"large":false,"1536x1536":false,"2048x2048":false,"neve-blog":false},"uagb_author_info":{"display_name":"Lucille","author_link":"https:\/\/larouetourne63.fr\/?author=3"},"uagb_comment_info":0,"uagb_excerpt":"V\u00e9los \u00e0 vendre Les v\u00e9los re\u00e7us en don \u00e0 la Roue tourne, remis en \u00e9tat, et disponibles \u00e0 la vente.","_links":{"self":[{"href":"https:\/\/larouetourne63.fr\/index.php?rest_route=\/wp\/v2\/pages\/398","targetHints":{"allow":["GET"]}}],"collection":[{"href":"https:\/\/larouetourne63.fr\/index.php?rest_route=\/wp\/v2\/pages"}],"about":[{"href":"https:\/\/larouetourne63.fr\/index.php?rest_route=\/wp\/v2\/types\/page"}],"author":[{"embeddable":true,"href":"https:\/\/larouetourne63.fr\/index.php?rest_route=\/wp\/v2\/users\/3"}],"replies":[{"embeddable":true,"href":"https:\/\/larouetourne63.fr\/index.php?rest_route=%2Fwp%2Fv2%2Fcomments&post=398"}],"version-history":[{"count":9,"href":"https:\/\/larouetourne63.fr\/index.php?rest_route=\/wp\/v2\/pages\/398\/revisions"}],"predecessor-version":[{"id":1080,"href":"https:\/\/larouetourne63.fr\/index.php?rest_route=\/wp\/v2\/pages\/398\/revisions\/1080"}],"wp:attachment":[{"href":"https:\/\/larouetourne63.fr\/index.php?rest_route=%2Fwp%2Fv2%2Fmedia&parent=398"}],"curies":[{"name":"wp","href":"https:\/\/api.w.org\/{rel}","templated":true}]}}