{"id":451,"date":"2026-03-05T17:44:56","date_gmt":"2026-03-05T16:44:56","guid":{"rendered":"https:\/\/larouetourne63.heureux-cyclage.org\/?page_id=451"},"modified":"2026-03-27T18:03:28","modified_gmt":"2026-03-27T17:03:28","slug":"nous-rejoindre-soutenir","status":"publish","type":"page","link":"https:\/\/larouetourne63.fr\/?page_id=451","title":{"rendered":"Nous rejoindre ou nous soutenir"},"content":{"rendered":"\n<div class=\"wp-block-uagb-container uagb-block-2143a4b6 alignfull uagb-is-root-container\"><div class=\"uagb-container-inner-blocks-wrap\">\n<div class=\"wp-block-uagb-advanced-heading uagb-block-ab91e383\"><h1 class=\"uagb-heading-text\">Nous rejoindre ou nous soutenir<\/h1><\/div>\n\n\n\n<div class=\"wp-block-uagb-advanced-heading uagb-block-34909654\"><p class=\"uagb-heading-text\">L\u2019association la Roue Tourne a besoin de moyens financiers (loyer, achat de pi\u00e8ces et d&rsquo;outils, salaires&#8230;) mais aussi de b\u00e9n\u00e9voles (tenue des permanences, animation des \u00e9v\u00e8nements, rangement, m\u00e9nage&#8230;) pour exister. Sans toi, le projet ne peut pas continuer !  <strong>Alors n&rsquo;h\u00e9site pas \u00e0 nous rejoindre et nous soutenir \u00e0 hauteur de tes moyens (financiers et en temps).<\/strong><\/p><\/div>\n<\/div><\/div>\n\n\n\n<div class=\"wp-block-uagb-container uagb-block-7dcacd62 alignfull uagb-is-root-container\"><div class=\"uagb-container-inner-blocks-wrap\">\n<div class=\"wp-block-uagb-advanced-heading uagb-block-c475444c\"><h2 class=\"uagb-heading-text\">Devenir membre (adh\u00e9rer)<\/h2><\/div>\n\n\n\n<div class=\"wp-block-uagb-advanced-heading uagb-block-de69cdb7\"><p class=\"uagb-heading-text\">L\u2019adh\u00e9sion est obligatoire pour utiliser l\u2019atelier, et valable un an \u00e0 partir de la date d&rsquo;adh\u00e9sion. <\/p><\/div>\n<\/div><\/div>\n\n\n\n<div class=\"wp-block-uagb-container uagb-block-3f7ca377 alignfull uagb-is-root-container\"><div class=\"uagb-container-inner-blocks-wrap\">\n<div class=\"wp-block-uagb-container uagb-block-df0409b9\">\n<div class=\"wp-block-uagb-image uagb-block-dadc1321 wp-block-uagb-image--layout-default wp-block-uagb-image--effect-static wp-block-uagb-image--align-none\"><figure class=\"wp-block-uagb-image__figure\"><img decoding=\"async\" srcset=\"https:\/\/larouetourne63.fr\/wp-content\/uploads\/2026\/03\/IMG_8312.jpeg ,https:\/\/larouetourne63.fr\/wp-content\/uploads\/2026\/03\/IMG_8312.jpeg 780w, https:\/\/larouetourne63.fr\/wp-content\/uploads\/2026\/03\/IMG_8312.jpeg 360w\" sizes=\"auto, (max-width: 480px) 150px\" src=\"https:\/\/larouetourne63.fr\/wp-content\/uploads\/2026\/03\/IMG_8312.jpeg\" alt=\"\" class=\"uag-image-966\" width=\"600\" height=\"400\" title=\"IMG_8312\" loading=\"lazy\" role=\"img\"\/><\/figure><\/div>\n<\/div>\n\n\n\n<div class=\"wp-block-uagb-container uagb-block-07d42d8a\">\n<div class=\"wp-block-uagb-advanced-heading uagb-block-1252dc27\"><h3 class=\"uagb-heading-text\">Tarifs<\/h3><\/div>\n\n\n\n<div class=\"wp-block-uagb-advanced-heading uagb-block-e5b2c341\"><p class=\"uagb-heading-text\">Plusieurs tarifs sont possibles selon tes moyens : <br>\u2022<strong> adh\u00e9sion suspendue : gratuite<\/strong> (parfois, des personnes payent une adh\u00e9sion suppl\u00e9mentaire pour l&rsquo;offrir \u00e0 quelqu&rsquo;un\u00b7e)<br><strong>\u2022 solidaire : 10\u20ac <\/strong>(tu as peu de moyens financiers)<strong><br>\u2022 base : 20\u20ac<br>\u2022 soutien : 30\u20ac<\/strong> (tu veux nous soutenir)<\/p><\/div>\n\n\n\n<div class=\"wp-block-uagb-advanced-heading uagb-block-9f5d4b67\"><h3 class=\"uagb-heading-text\">Comment adh\u00e9rer ?<\/h3><\/div>\n\n\n\n<div class=\"wp-block-uagb-advanced-heading uagb-block-24dcc82b\"><p class=\"uagb-heading-text\">C&rsquo;est ta premi\u00e8re adh\u00e9sion ? Passe nous voir \u00e0 l&rsquo;atelier pour adh\u00e9rer, pendant les permanences.<br>D\u00e9j\u00e0 membre ? Tu peux r\u00e9-adh\u00e9rer sur place, ou via <a href=\"https:\/\/www.helloasso.com\/associations\/la-roue-tourne-63\">Hello Asso<\/a>.<\/p><\/div>\n<\/div>\n<\/div><\/div>\n\n\n\n<div class=\"wp-block-uagb-container uagb-block-9fdfa40c alignfull uagb-is-root-container\"><div class=\"uagb-container-inner-blocks-wrap\">\n<div class=\"wp-block-uagb-container uagb-block-a68b5c91\">\n<div class=\"wp-block-uagb-image uagb-block-c00120e4 wp-block-uagb-image--layout-default wp-block-uagb-image--effect-static wp-block-uagb-image--align-none\"><figure class=\"wp-block-uagb-image__figure\"><img decoding=\"async\" srcset=\"https:\/\/larouetourne63.fr\/wp-content\/uploads\/2026\/03\/pieces.webp ,https:\/\/larouetourne63.fr\/wp-content\/uploads\/2026\/03\/pieces.webp 780w, https:\/\/larouetourne63.fr\/wp-content\/uploads\/2026\/03\/pieces.webp 360w\" sizes=\"auto, (max-width: 480px) 150px\" src=\"https:\/\/larouetourne63.fr\/wp-content\/uploads\/2026\/03\/pieces.webp\" alt=\"\" class=\"uag-image-989\" width=\"500\" height=\"500\" title=\"pieces\" loading=\"lazy\" role=\"img\"\/><\/figure><\/div>\n<\/div>\n\n\n\n<div class=\"wp-block-uagb-container uagb-block-3b76feca\">\n<div class=\"wp-block-uagb-advanced-heading uagb-block-7ee5d4bf\"><h2 class=\"uagb-heading-text\">Faire un don mat\u00e9riel (v\u00e9lo, outils, pi\u00e8ces)<\/h2><\/div>\n\n\n\n<div class=\"wp-block-uagb-advanced-heading uagb-block-9cb4e4e5\"><p class=\"uagb-heading-text\">Donner un v\u00e9lo, des outils ou des pi\u00e8ces \u00e0 l&rsquo;association est aussi pr\u00e9cieux pour nous aider ! <br>\u2022 <strong>V\u00e9los et cadres <\/strong>: ils seront retap\u00e9s et adopt\u00e9s par quelqu&rsquo;un\u00b7e<br>\u2022 <strong>Pi\u00e8ces et outils <\/strong>: ils permettront d&rsquo;\u00e9quiper l&rsquo;atelier, et d&rsquo;aider les adh\u00e9rent\u00b7es<\/p><\/div>\n\n\n\n<div class=\"wp-block-uagb-advanced-heading uagb-block-f9e8fffd\"><p class=\"uagb-heading-text\"><strong>O\u00f9 les d\u00e9poser ? Directement \u00e0 l&rsquo;atelier lors d&rsquo;une permanence<\/strong>. Ne les d\u00e9pose PAS quand nous sommes ferm\u00e9s stp. \ud83d\ude42<\/p><\/div>\n<\/div>\n<\/div><\/div>\n\n\n\n<div class=\"wp-block-uagb-container uagb-block-cf58529a alignfull uagb-is-root-container\"><div class=\"uagb-container-inner-blocks-wrap\">\n<div class=\"wp-block-uagb-advanced-heading uagb-block-45e74afd\"><h2 class=\"uagb-heading-text\">Donner de ton temps (b\u00e9n\u00e9voler)<\/h2><\/div>\n<\/div><\/div>\n\n\n\n<div class=\"wp-block-uagb-container uagb-block-d62553b4 alignfull uagb-is-root-container\"><div class=\"uagb-container-inner-blocks-wrap\">\n<div class=\"wp-block-uagb-container uagb-block-890f31b4\">\n<div class=\"wp-block-uagb-image uagb-block-0da6ff42 wp-block-uagb-image--layout-default wp-block-uagb-image--effect-static wp-block-uagb-image--align-none\"><figure class=\"wp-block-uagb-image__figure\"><img decoding=\"async\" srcset=\"https:\/\/larouetourne63.fr\/wp-content\/uploads\/2026\/03\/IMG_8311.jpeg ,https:\/\/larouetourne63.fr\/wp-content\/uploads\/2026\/03\/IMG_8311.jpeg 780w, https:\/\/larouetourne63.fr\/wp-content\/uploads\/2026\/03\/IMG_8311.jpeg 360w\" sizes=\"auto, (max-width: 480px) 150px\" src=\"https:\/\/larouetourne63.fr\/wp-content\/uploads\/2026\/03\/IMG_8311.jpeg\" alt=\"\" class=\"uag-image-960\" width=\"382\" height=\"442\" title=\"IMG_8311\" loading=\"lazy\" role=\"img\"\/><\/figure><\/div>\n<\/div>\n\n\n\n<div class=\"wp-block-uagb-container uagb-block-07407d8a\">\n<div class=\"wp-block-uagb-advanced-heading uagb-block-a52fd23f\"><p class=\"uagb-heading-text\">Tu peux t\u2019investir de plein de mani\u00e8res, peu importe ton niveau en m\u00e9canique, et le temps dont tu disposes ! Tout est possible.<br>\u2022 <strong>Tenir les permanences <\/strong>en tant que r\u00e9f\u00e9rent\u00b7e ou soutien, ou les ateliers mobiles<br>\u2022 <strong>Remettre en \u00e9tat les v\u00e9los donn\u00e9s<\/strong>, pour que nous puissions les revendre (c&rsquo;est aussi l&rsquo;occasion d&rsquo;apprendre la m\u00e9canique)<br>\u2022 <strong>Participer aux sessions Chips et Cambouis <\/strong>pour d\u00e9monter et trier des pi\u00e8ces<br>\u2022 <strong>Participer aux chantiers<\/strong> de bricolage, rangement, m\u00e9nage<br>\u2022 <strong>Participer \u00e0 la communication<\/strong>, l&rsquo;organisation d&rsquo;\u00e9v\u00e8nements<br>\u2022 <strong>Participer aux Conseils d&rsquo;Administration de l&rsquo;association<\/strong>, pour donner ton avis et participer aux prises de d\u00e9cisions<br>\u2022 <strong>Devenir administrateur\u00b7ice<\/strong>, pour participer \u00e0 la gestion de l&rsquo;association et au suivi des salari\u00e9\u00b7es<\/p><\/div>\n<\/div>\n<\/div><\/div>\n\n\n\n<div class=\"wp-block-uagb-container uagb-block-f6b59108 alignfull uagb-is-root-container\"><div class=\"uagb-container-inner-blocks-wrap\">\n<div class=\"wp-block-uagb-container uagb-block-f556d624\">\n<div class=\"wp-block-uagb-advanced-heading uagb-block-264f8d19\"><h3 class=\"uagb-heading-text\">J&rsquo;aide \u00e0 tenir les permanences<\/h3><\/div>\n\n\n\n<div class=\"wp-block-uagb-advanced-heading uagb-block-c64beacf\"><p class=\"uagb-heading-text\">Pour s&rsquo;inscrire en tant que r\u00e9f\u00e9rent\u00b7e ou soutien aux permanences, ou \u00e0 l&rsquo;animation d&rsquo;\u00e9v\u00e8nements (en violet), rendez-vous sur le tableau suivant.<\/p><\/div>\n\n\n\n<div class=\"wp-block-uagb-buttons uagb-buttons__outer-wrap uagb-btn__default-btn uagb-btn-tablet__default-btn uagb-btn-mobile__default-btn uagb-block-d5e61f21\"><div class=\"uagb-buttons__wrap uagb-buttons-layout-wrap \">\n<div class=\"wp-block-uagb-buttons-child uagb-buttons__outer-wrap uagb-block-73f11578 wp-block-button\"><div class=\"uagb-button__wrapper\"><a class=\"uagb-buttons-repeater wp-block-button__link\" aria-label=\"\" href=\"https:\/\/docs.getgrist.com\/pJQPGrVRfDSB\/Tableau-benevolat-La-Roue-Tourne\" rel=\"follow noopener\" target=\"_self\" role=\"button\"><div class=\"uagb-button__link\">S&rsquo;inscrire sur le tableau b\u00e9n\u00e9volat<\/div><\/a><\/div><\/div>\n<\/div><\/div>\n<\/div>\n\n\n\n<div class=\"wp-block-uagb-container uagb-block-2248ea4e\">\n<div class=\"wp-block-uagb-advanced-heading uagb-block-7e78ac95\"><h3 class=\"uagb-heading-text\">Je rejoins la discussion en ligne<\/h3><\/div>\n\n\n\n<div class=\"wp-block-uagb-advanced-heading uagb-block-a21209fc\"><p class=\"uagb-heading-text\">Tu peux rejoindre le groupe de discussion b\u00e9n\u00e9vole. <strong><a href=\"https:\/\/la-roue-tourne63.frama.space\/apps\/collectives\/p\/9S2aw56idnQA5Qy\/Wiki-La-roue-tourne-1\">Le tuto pour rejoindre le framaspace est ici<\/a>.<\/strong><\/p><\/div>\n\n\n\n<div class=\"wp-block-uagb-buttons uagb-buttons__outer-wrap uagb-btn__default-btn uagb-btn-tablet__default-btn uagb-btn-mobile__default-btn uagb-block-3872f9b9\"><div class=\"uagb-buttons__wrap uagb-buttons-layout-wrap \">\n<div class=\"wp-block-uagb-buttons-child uagb-buttons__outer-wrap uagb-block-b32401b1 wp-block-button\"><div class=\"uagb-button__wrapper\"><a class=\"uagb-buttons-repeater wp-block-button__link\" aria-label=\"\" href=\"https:\/\/la-roue-tourne63.frama.space\" rel=\"follow noopener\" target=\"_self\" role=\"button\"><div class=\"uagb-button__link\">Rejoindre le Framaspace<\/div><\/a><\/div><\/div>\n<\/div><\/div>\n<\/div>\n<\/div><\/div>\n\n\n\n<div class=\"wp-block-uagb-container uagb-block-20647ae0 alignfull uagb-is-root-container\"><div class=\"uagb-container-inner-blocks-wrap\">\n<div class=\"wp-block-uagb-advanced-heading uagb-block-03e4898a\"><h2 class=\"uagb-heading-text\">Faire un don financier<\/h2><\/div>\n\n\n\n<div class=\"wp-block-uagb-advanced-heading uagb-block-5a4e8cd8\"><p class=\"uagb-heading-text\">Pour financer l\u2019association et ses activit\u00e9s, les outils et les pi\u00e8ces, le loyer, les salaires&#8230; les dons sont primordiaux. Nous demandons des subventions, mais elles sont de moins en moins nombreuses dans le milieu associatif&#8230; N\u2019h\u00e9site donc pas \u00e0 nous soutenir.<\/p><\/div>\n\n\n\n<div class=\"wp-block-uagb-buttons uagb-buttons__outer-wrap uagb-btn__default-btn uagb-btn-tablet__default-btn uagb-btn-mobile__default-btn uagb-block-a3b6cd7c\"><div class=\"uagb-buttons__wrap uagb-buttons-layout-wrap \">\n<div class=\"wp-block-uagb-buttons-child uagb-buttons__outer-wrap uagb-block-62e4ee05 wp-block-button\"><div class=\"uagb-button__wrapper\"><a class=\"uagb-buttons-repeater wp-block-button__link\" aria-label=\"\" href=\"https:\/\/www.helloasso.com\/associations\/la-roue-tourne-63\" rel=\"follow noopener\" target=\"_self\" role=\"button\"><div class=\"uagb-button__link\">Faire un don<\/div><\/a><\/div><\/div>\n<\/div><\/div>\n<\/div><\/div>\n","protected":false},"excerpt":{"rendered":"<p>Nous rejoindre ou nous soutenir L\u2019association la Roue Tourne a besoin de moyens financiers (loyer, achat de pi\u00e8ces et d&rsquo;outils, salaires&#8230;) mais aussi de b\u00e9n\u00e9voles (tenue des permanences, animation des \u00e9v\u00e8nements, rangement, m\u00e9nage&#8230;) pour exister. Sans toi, le projet ne peut pas continuer ! Alors n&rsquo;h\u00e9site pas \u00e0 nous rejoindre et nous soutenir \u00e0 hauteur&hellip;&nbsp;<\/p>\n","protected":false},"author":3,"featured_media":0,"parent":0,"menu_order":0,"comment_status":"closed","ping_status":"closed","template":"","meta":{"_uag_custom_page_level_css":"","neve_meta_sidebar":"","neve_meta_container":"","neve_meta_enable_content_width":"","neve_meta_content_width":0,"neve_meta_title_alignment":"","neve_meta_author_avatar":"","neve_post_elements_order":"","neve_meta_disable_header":"","neve_meta_disable_footer":"","neve_meta_disable_title":"on","footnotes":""},"class_list":["post-451","page","type-page","status-publish","hentry"],"yoast_head":"<!-- This site is optimized with the Yoast SEO plugin v27.3 - https:\/\/yoast.com\/product\/yoast-seo-wordpress\/ -->\n<title>Nous rejoindre ou nous soutenir - La Roue Tourne<\/title>\n<meta name=\"robots\" content=\"index, follow, max-snippet:-1, max-image-preview:large, max-video-preview:-1\" \/>\n<link rel=\"canonical\" href=\"https:\/\/larouetourne63.fr\/?page_id=451\" \/>\n<meta property=\"og:locale\" content=\"fr_FR\" \/>\n<meta property=\"og:type\" content=\"article\" \/>\n<meta property=\"og:title\" content=\"Nous rejoindre ou nous soutenir - La Roue Tourne\" \/>\n<meta property=\"og:description\" content=\"Nous rejoindre ou nous soutenir L\u2019association la Roue Tourne a besoin de moyens financiers (loyer, achat de pi\u00e8ces et d&rsquo;outils, salaires&#8230;) mais aussi de b\u00e9n\u00e9voles (tenue des permanences, animation des \u00e9v\u00e8nements, rangement, m\u00e9nage&#8230;) pour exister. Sans toi, le projet ne peut pas continuer ! Alors n&rsquo;h\u00e9site pas \u00e0 nous rejoindre et nous soutenir \u00e0 hauteur&hellip;&nbsp;\" \/>\n<meta property=\"og:url\" content=\"https:\/\/larouetourne63.fr\/?page_id=451\" \/>\n<meta property=\"og:site_name\" content=\"La Roue Tourne\" \/>\n<meta property=\"article:modified_time\" content=\"2026-03-27T17:03:28+00:00\" \/>\n<meta property=\"og:image\" content=\"https:\/\/larouetourne63.fr\/wp-content\/uploads\/2026\/03\/IMG_8312.jpeg\" \/>\n<meta name=\"twitter:card\" content=\"summary_large_image\" \/>\n<meta name=\"twitter:label1\" content=\"Dur\u00e9e de lecture estim\u00e9e\" \/>\n\t<meta name=\"twitter:data1\" content=\"3 minutes\" \/>\n<script type=\"application\/ld+json\" class=\"yoast-schema-graph\">{\"@context\":\"https:\\\/\\\/schema.org\",\"@graph\":[{\"@type\":\"WebPage\",\"@id\":\"https:\\\/\\\/larouetourne63.fr\\\/?page_id=451\",\"url\":\"https:\\\/\\\/larouetourne63.fr\\\/?page_id=451\",\"name\":\"Nous rejoindre ou nous soutenir - La Roue Tourne\",\"isPartOf\":{\"@id\":\"https:\\\/\\\/larouetourne63.fr\\\/#website\"},\"primaryImageOfPage\":{\"@id\":\"https:\\\/\\\/larouetourne63.fr\\\/?page_id=451#primaryimage\"},\"image\":{\"@id\":\"https:\\\/\\\/larouetourne63.fr\\\/?page_id=451#primaryimage\"},\"thumbnailUrl\":\"https:\\\/\\\/larouetourne63.fr\\\/wp-content\\\/uploads\\\/2026\\\/03\\\/IMG_8312.jpeg\",\"datePublished\":\"2026-03-05T16:44:56+00:00\",\"dateModified\":\"2026-03-27T17:03:28+00:00\",\"breadcrumb\":{\"@id\":\"https:\\\/\\\/larouetourne63.fr\\\/?page_id=451#breadcrumb\"},\"inLanguage\":\"fr-FR\",\"potentialAction\":[{\"@type\":\"ReadAction\",\"target\":[\"https:\\\/\\\/larouetourne63.fr\\\/?page_id=451\"]}]},{\"@type\":\"ImageObject\",\"inLanguage\":\"fr-FR\",\"@id\":\"https:\\\/\\\/larouetourne63.fr\\\/?page_id=451#primaryimage\",\"url\":\"https:\\\/\\\/larouetourne63.fr\\\/wp-content\\\/uploads\\\/2026\\\/03\\\/IMG_8312.jpeg\",\"contentUrl\":\"https:\\\/\\\/larouetourne63.fr\\\/wp-content\\\/uploads\\\/2026\\\/03\\\/IMG_8312.jpeg\",\"width\":600,\"height\":400},{\"@type\":\"BreadcrumbList\",\"@id\":\"https:\\\/\\\/larouetourne63.fr\\\/?page_id=451#breadcrumb\",\"itemListElement\":[{\"@type\":\"ListItem\",\"position\":1,\"name\":\"Accueil\",\"item\":\"https:\\\/\\\/larouetourne63.fr\\\/\"},{\"@type\":\"ListItem\",\"position\":2,\"name\":\"Nous rejoindre ou nous soutenir\"}]},{\"@type\":\"WebSite\",\"@id\":\"https:\\\/\\\/larouetourne63.fr\\\/#website\",\"url\":\"https:\\\/\\\/larouetourne63.fr\\\/\",\"name\":\"La Roue Tourne\",\"description\":\"Association d&#039;autor\u00e9paration de v\u00e9los \u00e0 Clermont-Ferrand\",\"potentialAction\":[{\"@type\":\"SearchAction\",\"target\":{\"@type\":\"EntryPoint\",\"urlTemplate\":\"https:\\\/\\\/larouetourne63.fr\\\/?s={search_term_string}\"},\"query-input\":{\"@type\":\"PropertyValueSpecification\",\"valueRequired\":true,\"valueName\":\"search_term_string\"}}],\"inLanguage\":\"fr-FR\"}]}<\/script>\n<!-- \/ Yoast SEO plugin. -->","yoast_head_json":{"title":"Nous rejoindre ou nous soutenir - La Roue Tourne","robots":{"index":"index","follow":"follow","max-snippet":"max-snippet:-1","max-image-preview":"max-image-preview:large","max-video-preview":"max-video-preview:-1"},"canonical":"https:\/\/larouetourne63.fr\/?page_id=451","og_locale":"fr_FR","og_type":"article","og_title":"Nous rejoindre ou nous soutenir - La Roue Tourne","og_description":"Nous rejoindre ou nous soutenir L\u2019association la Roue Tourne a besoin de moyens financiers (loyer, achat de pi\u00e8ces et d&rsquo;outils, salaires&#8230;) mais aussi de b\u00e9n\u00e9voles (tenue des permanences, animation des \u00e9v\u00e8nements, rangement, m\u00e9nage&#8230;) pour exister. Sans toi, le projet ne peut pas continuer ! Alors n&rsquo;h\u00e9site pas \u00e0 nous rejoindre et nous soutenir \u00e0 hauteur&hellip;&nbsp;","og_url":"https:\/\/larouetourne63.fr\/?page_id=451","og_site_name":"La Roue Tourne","article_modified_time":"2026-03-27T17:03:28+00:00","og_image":[{"url":"https:\/\/larouetourne63.fr\/wp-content\/uploads\/2026\/03\/IMG_8312.jpeg","type":"","width":"","height":""}],"twitter_card":"summary_large_image","twitter_misc":{"Dur\u00e9e de lecture estim\u00e9e":"3 minutes"},"schema":{"@context":"https:\/\/schema.org","@graph":[{"@type":"WebPage","@id":"https:\/\/larouetourne63.fr\/?page_id=451","url":"https:\/\/larouetourne63.fr\/?page_id=451","name":"Nous rejoindre ou nous soutenir - La Roue Tourne","isPartOf":{"@id":"https:\/\/larouetourne63.fr\/#website"},"primaryImageOfPage":{"@id":"https:\/\/larouetourne63.fr\/?page_id=451#primaryimage"},"image":{"@id":"https:\/\/larouetourne63.fr\/?page_id=451#primaryimage"},"thumbnailUrl":"https:\/\/larouetourne63.fr\/wp-content\/uploads\/2026\/03\/IMG_8312.jpeg","datePublished":"2026-03-05T16:44:56+00:00","dateModified":"2026-03-27T17:03:28+00:00","breadcrumb":{"@id":"https:\/\/larouetourne63.fr\/?page_id=451#breadcrumb"},"inLanguage":"fr-FR","potentialAction":[{"@type":"ReadAction","target":["https:\/\/larouetourne63.fr\/?page_id=451"]}]},{"@type":"ImageObject","inLanguage":"fr-FR","@id":"https:\/\/larouetourne63.fr\/?page_id=451#primaryimage","url":"https:\/\/larouetourne63.fr\/wp-content\/uploads\/2026\/03\/IMG_8312.jpeg","contentUrl":"https:\/\/larouetourne63.fr\/wp-content\/uploads\/2026\/03\/IMG_8312.jpeg","width":600,"height":400},{"@type":"BreadcrumbList","@id":"https:\/\/larouetourne63.fr\/?page_id=451#breadcrumb","itemListElement":[{"@type":"ListItem","position":1,"name":"Accueil","item":"https:\/\/larouetourne63.fr\/"},{"@type":"ListItem","position":2,"name":"Nous rejoindre ou nous soutenir"}]},{"@type":"WebSite","@id":"https:\/\/larouetourne63.fr\/#website","url":"https:\/\/larouetourne63.fr\/","name":"La Roue Tourne","description":"Association d&#039;autor\u00e9paration de v\u00e9los \u00e0 Clermont-Ferrand","potentialAction":[{"@type":"SearchAction","target":{"@type":"EntryPoint","urlTemplate":"https:\/\/larouetourne63.fr\/?s={search_term_string}"},"query-input":{"@type":"PropertyValueSpecification","valueRequired":true,"valueName":"search_term_string"}}],"inLanguage":"fr-FR"}]}},"uagb_featured_image_src":{"full":false,"thumbnail":false,"medium":false,"medium_large":false,"large":false,"1536x1536":false,"2048x2048":false,"neve-blog":false},"uagb_author_info":{"display_name":"Lucille","author_link":"https:\/\/larouetourne63.fr\/?author=3"},"uagb_comment_info":0,"uagb_excerpt":"Nous rejoindre ou nous soutenir L\u2019association la Roue Tourne a besoin de moyens financiers (loyer, achat de pi\u00e8ces et d&rsquo;outils, salaires&#8230;) mais aussi de b\u00e9n\u00e9voles (tenue des permanences, animation des \u00e9v\u00e8nements, rangement, m\u00e9nage&#8230;) pour exister. Sans toi, le projet ne peut pas continuer ! Alors n&rsquo;h\u00e9site pas \u00e0 nous rejoindre et nous soutenir \u00e0 hauteur&hellip;&nbsp;","_links":{"self":[{"href":"https:\/\/larouetourne63.fr\/index.php?rest_route=\/wp\/v2\/pages\/451","targetHints":{"allow":["GET"]}}],"collection":[{"href":"https:\/\/larouetourne63.fr\/index.php?rest_route=\/wp\/v2\/pages"}],"about":[{"href":"https:\/\/larouetourne63.fr\/index.php?rest_route=\/wp\/v2\/types\/page"}],"author":[{"embeddable":true,"href":"https:\/\/larouetourne63.fr\/index.php?rest_route=\/wp\/v2\/users\/3"}],"replies":[{"embeddable":true,"href":"https:\/\/larouetourne63.fr\/index.php?rest_route=%2Fwp%2Fv2%2Fcomments&post=451"}],"version-history":[{"count":79,"href":"https:\/\/larouetourne63.fr\/index.php?rest_route=\/wp\/v2\/pages\/451\/revisions"}],"predecessor-version":[{"id":1193,"href":"https:\/\/larouetourne63.fr\/index.php?rest_route=\/wp\/v2\/pages\/451\/revisions\/1193"}],"wp:attachment":[{"href":"https:\/\/larouetourne63.fr\/index.php?rest_route=%2Fwp%2Fv2%2Fmedia&parent=451"}],"curies":[{"name":"wp","href":"https:\/\/api.w.org\/{rel}","templated":true}]}}